{"id":122728,"date":"2025-11-24T16:18:43","date_gmt":"2025-11-24T16:18:43","guid":{"rendered":"https:\/\/asylumworks.org\/?page_id=122728"},"modified":"2026-03-25T17:21:12","modified_gmt":"2026-03-25T17:21:12","slug":"employment-and-education-internship","status":"publish","type":"page","link":"https:\/\/asylumworks.org\/es\/employment-and-education-internship\/","title":{"rendered":"Pr\u00e1cticas del Programa de Empleo y Educaci\u00f3n, verano de 2026"},"content":{"rendered":"<div data-elementor-type=\"wp-page\" data-elementor-id=\"122728\" class=\"elementor elementor-122728\" data-elementor-settings=\"{&quot;element_pack_global_tooltip_width&quot;:{&quot;unit&quot;:&quot;px&quot;,&quot;size&quot;:&quot;&quot;,&quot;sizes&quot;:[]},&quot;element_pack_global_tooltip_width_tablet&quot;:{&quot;unit&quot;:&quot;px&quot;,&quot;size&quot;:&quot;&quot;,&quot;sizes&quot;:[]},&quot;element_pack_global_tooltip_width_mobile&quot;:{&quot;unit&quot;:&quot;px&quot;,&quot;size&quot;:&quot;&quot;,&quot;sizes&quot;:[]},&quot;element_pack_global_tooltip_padding&quot;:{&quot;unit&quot;:&quot;px&quot;,&quot;top&quot;:&quot;&quot;,&quot;right&quot;:&quot;&quot;,&quot;bottom&quot;:&quot;&quot;,&quot;left&quot;:&quot;&quot;,&quot;isLinked&quot;:true},&quot;element_pack_global_tooltip_padding_tablet&quot;:{&quot;unit&quot;:&quot;px&quot;,&quot;top&quot;:&quot;&quot;,&quot;right&quot;:&quot;&quot;,&quot;bottom&quot;:&quot;&quot;,&quot;left&quot;:&quot;&quot;,&quot;isLinked&quot;:true},&quot;element_pack_global_tooltip_padding_mobile&quot;:{&quot;unit&quot;:&quot;px&quot;,&quot;top&quot;:&quot;&quot;,&quot;right&quot;:&quot;&quot;,&quot;bottom&quot;:&quot;&quot;,&quot;left&quot;:&quot;&quot;,&quot;isLinked&quot;:true},&quot;element_pack_global_tooltip_border_radius&quot;:{&quot;unit&quot;:&quot;px&quot;,&quot;top&quot;:&quot;&quot;,&quot;right&quot;:&quot;&quot;,&quot;bottom&quot;:&quot;&quot;,&quot;left&quot;:&quot;&quot;,&quot;isLinked&quot;:true},&quot;element_pack_global_tooltip_border_radius_tablet&quot;:{&quot;unit&quot;:&quot;px&quot;,&quot;top&quot;:&quot;&quot;,&quot;right&quot;:&quot;&quot;,&quot;bottom&quot;:&quot;&quot;,&quot;left&quot;:&quot;&quot;,&quot;isLinked&quot;:true},&quot;element_pack_global_tooltip_border_radius_mobile&quot;:{&quot;unit&quot;:&quot;px&quot;,&quot;top&quot;:&quot;&quot;,&quot;right&quot;:&quot;&quot;,&quot;bottom&quot;:&quot;&quot;,&quot;left&quot;:&quot;&quot;,&quot;isLinked&quot;:true}}\" data-elementor-post-type=\"page\">\n\t\t\t\t<div data-particle_enable=\"false\" data-particle-mobile-disabled=\"false\" class=\"elementor-element elementor-element-3980efc e-flex e-con-boxed e-con e-parent\" data-id=\"3980efc\" data-element_type=\"container\" data-e-type=\"container\" data-settings=\"{&quot;_ob_use_container_extras&quot;:&quot;no&quot;,&quot;_ob_column_hoveranimator&quot;:&quot;no&quot;,&quot;_ob_glider_is_slider&quot;:&quot;no&quot;,&quot;_ob_column_has_pseudo&quot;:&quot;no&quot;}\">\n\t\t\t\t\t<div class=\"e-con-inner\">\n\t\t\t\t<div class=\"elementor-element elementor-element-2c5f6a3 ob-harakiri-inherit ob-has-background-overlay elementor-widget elementor-widget-text-editor\" data-id=\"2c5f6a3\" data-element_type=\"widget\" data-e-type=\"widget\" data-settings=\"{&quot;_ob_use_harakiri&quot;:&quot;yes&quot;,&quot;_ob_harakiri_writing_mode&quot;:&quot;inherit&quot;,&quot;_ob_postman_use&quot;:&quot;no&quot;,&quot;_ob_perspektive_use&quot;:&quot;no&quot;,&quot;_ob_poopart_use&quot;:&quot;yes&quot;,&quot;_ob_shadough_use&quot;:&quot;no&quot;,&quot;_ob_allow_hoveranimator&quot;:&quot;no&quot;,&quot;_ob_widget_stalker_use&quot;:&quot;no&quot;}\" data-widget_type=\"text-editor.default\">\n\t\t\t\t<div class=\"elementor-widget-container\">\n\t\t\t\t\t\t\t\t\t<p>\u00a0<\/p><h3><strong>Pr\u00e1cticas del Programa de Empleo y Educaci\u00f3n, verano de 2026<\/strong><\/h3>\t\t\t\t\t\t\t\t<\/div>\n\t\t\t\t<\/div>\n\t\t\t\t<div class=\"elementor-element elementor-element-3ec738d ob-harakiri-inherit ob-has-background-overlay elementor-widget elementor-widget-text-editor\" data-id=\"3ec738d\" data-element_type=\"widget\" data-e-type=\"widget\" data-settings=\"{&quot;_ob_use_harakiri&quot;:&quot;yes&quot;,&quot;_ob_harakiri_writing_mode&quot;:&quot;inherit&quot;,&quot;_ob_postman_use&quot;:&quot;no&quot;,&quot;_ob_perspektive_use&quot;:&quot;no&quot;,&quot;_ob_poopart_use&quot;:&quot;yes&quot;,&quot;_ob_shadough_use&quot;:&quot;no&quot;,&quot;_ob_allow_hoveranimator&quot;:&quot;no&quot;,&quot;_ob_widget_stalker_use&quot;:&quot;no&quot;}\" data-widget_type=\"text-editor.default\">\n\t\t\t\t<div class=\"elementor-widget-container\">\n\t\t\t\t\t\t\t\t\t<p><b>SOBRE NOSOTROS\u00a0<\/b><\/p><p><span style=\"font-weight: 400;\">AsylumWorks<\/span> <span style=\"font-weight: 400;\">se fund\u00f3 en 2016 para abordar las necesidades integrales de las personas y familias que navegan por el sistema de inmigraci\u00f3n de Estados Unidos. Nuestra misi\u00f3n es capacitar a los reci\u00e9n llegados que buscan seguridad para superar los desaf\u00edos de salud, empleo y legales. Nuestro enfoque interdisciplinario combina servicios de Salud y Bienestar, Empleo y Educaci\u00f3n, y Navegaci\u00f3n Legal para ayudar a los clientes a reconstruir vidas saludables, seguras y autosuficientes. Los servicios son gratuitos y est\u00e1n disponibles para los reci\u00e9n llegados que viven en la regi\u00f3n metropolitana de Washington, D.C., independientemente de su idioma o pa\u00eds de origen. Un aspecto central de nuestro enfoque es nuestro compromiso de contratar y formar a reci\u00e9n llegados biling\u00fces para que ayuden a otros reci\u00e9n llegados. Esto garantiza que nuestros servicios sigan siendo culturalmente receptivos, impactantes y sostenibles en el tiempo.\u00a0<\/span><\/p><p><b>DESCRIPCI\u00d3N DE LAS PR\u00c1CTICAS\u00a0<\/b><\/p><p><span style=\"font-weight: 400;\">AsylumWorks est\u00e1 buscando un voluntario en pr\u00e1cticas (no remunerado) para proporcionar pr\u00e1cticas<\/span> <span style=\"font-weight: 400;\">asistencia a nuestros <\/span><span style=\"font-weight: 400;\">Programa de empleo y educaci\u00f3n <\/span><span style=\"font-weight: 400;\">unas 40 horas semanales durante el semestre de verano de 2026<\/span><span style=\"font-weight: 400;\">, mejorar los recursos para los clientes relacionados con la b\u00fasqueda de empleo. <\/span><span style=\"font-weight: 400;\">Esta oportunidad es ideal para<\/span><span style=\"font-weight: 400;\"> pregrado o postgrado s<\/span><span style=\"font-weight: 400;\">tudiante que busca experiencia en el trabajo sin \u00e1nimo de lucro,<\/span> <span style=\"font-weight: 400;\">movilidad econ\u00f3mica, esp\u00edritu empresarial, compromiso con la comunidad, educaci\u00f3n,<\/span> <span style=\"font-weight: 400;\">apoyo al empleo, orientaci\u00f3n laboral y desarrollo de recursos. Este<\/span> <span style=\"font-weight: 400;\">Las pr\u00e1cticas permitir\u00e1n a los participantes conectar de forma significativa con AsylumWorks<\/span> <span style=\"font-weight: 400;\">personal y servicios de apoyo para los clientes de AsylumWorks. <\/span><span style=\"font-weight: 400;\">En <\/span><span style=\"font-weight: 400;\">Director del Programa de Empleo y Educaci\u00f3n<\/span> <span style=\"font-weight: 400;\">supervisar\u00e1 las pr\u00e1cticas.<\/span><\/p><p><b>RESPONSABILIDADES<\/b><b>\u00a0<\/b><\/p><ul><li style=\"font-weight: 400;\" aria-level=\"1\"><span style=\"font-weight: 400;\">Mantener el banco de recursos de empleo y educaci\u00f3n del Programa E&amp;E.<\/span><ul><li style=\"font-weight: 400;\" aria-level=\"2\"><span style=\"font-weight: 400;\">Revisar y evaluar los recursos para garantizar que sean pertinentes, precisos y est\u00e9n actualizados para uso de los clientes.<\/span><\/li><li style=\"font-weight: 400;\" aria-level=\"2\"><span style=\"font-weight: 400;\">Organizar y clasificar los recursos para facilitar el acceso y la utilizaci\u00f3n<\/span><\/li><li style=\"font-weight: 400;\" aria-level=\"2\"><span style=\"font-weight: 400;\">Dise\u00f1ar folletos, hojas informativas y otros materiales para presentar eficazmente el contenido de los recursos a los clientes.\u00a0<\/span><\/li><\/ul><\/li><li style=\"font-weight: 400;\" aria-level=\"1\"><span style=\"font-weight: 400;\">Desarrollar y ejecutar al menos tres itinerarios de programas de formaci\u00f3n de clientes.<\/span><ul><li style=\"font-weight: 400;\" aria-level=\"2\"><span style=\"font-weight: 400;\">Identificar oportunidades de formaci\u00f3n de gran demanda para los clientes <\/span><span style=\"font-weight: 400;\">\u25cb <\/span><span style=\"font-weight: 400;\">Desarrollar un plan integral para implantar un programa de formaci\u00f3n basado en cohortes\u00a0<\/span><\/li><li style=\"font-weight: 400;\" aria-level=\"2\"><span style=\"font-weight: 400;\">Crear un presupuesto detallado para acoger a una cohorte de clientes, incluidos los honorarios de formaci\u00f3n, los materiales, los costes del instructor y cualquier gasto adicional.\u00a0<\/span><\/li><li style=\"font-weight: 400;\" aria-level=\"2\"><span style=\"font-weight: 400;\">Identificar y examinar a instructores o proveedores de formaci\u00f3n cualificados, incluida la recopilaci\u00f3n de estimaciones de costes y disponibilidad.\u00a0<\/span><\/li><li style=\"font-weight: 400;\" aria-level=\"2\"><span style=\"font-weight: 400;\">Dise\u00f1ar la estructura propuesta del programa de formaci\u00f3n, incluidos el calendario, el tama\u00f1o de la cohorte, el formato de impartici\u00f3n (presencial, virtual o h\u00edbrido) y los requisitos de finalizaci\u00f3n.\u00a0<\/span><\/li><li style=\"font-weight: 400;\" aria-level=\"2\"><span style=\"font-weight: 400;\">Coordinar y documentar aspectos log\u00edsticos como la programaci\u00f3n, la ubicaci\u00f3n, las necesidades tecnol\u00f3gicas y el apoyo a los participantes.<\/span><\/li><li style=\"font-weight: 400;\" aria-level=\"2\"><span style=\"font-weight: 400;\">Preparar una propuesta final por escrito en la que se expongan las conclusiones, el an\u00e1lisis de costes, el programa de formaci\u00f3n recomendado y el plan de ejecuci\u00f3n.<\/span><\/li><\/ul><\/li><li style=\"font-weight: 400;\" aria-level=\"1\"><span style=\"font-weight: 400;\">Ayudar al equipo de E&amp;E con las tareas de compromiso con la comunidad relacionadas con la incorporaci\u00f3n de voluntarios, el compromiso de los antiguos alumnos del programa y la planificaci\u00f3n de eventos mensuales.\u00a0<\/span><ul><li style=\"font-weight: 400;\" aria-level=\"2\"><span style=\"font-weight: 400;\">Apoyar los esfuerzos de divulgaci\u00f3n para conectar con los antiguos alumnos y otras partes interesadas.\u00a0<\/span><\/li><li style=\"font-weight: 400;\" aria-level=\"2\"><span style=\"font-weight: 400;\">Ayudar a planificar y ejecutar actos mensuales centrados en temas de empleo y educaci\u00f3n.\u00a0<\/span><\/li><li style=\"font-weight: 400;\" aria-level=\"2\"><span style=\"font-weight: 400;\">Investigar y coordinar a los ponentes invitados, panelistas y profesionales del sector para los eventos.\u00a0<\/span><\/li><li style=\"font-weight: 400;\" aria-level=\"2\"><span style=\"font-weight: 400;\">Gestionar la log\u00edstica de los podcasts, como la promoci\u00f3n, el desarrollo de contenidos de alta calidad y el seguimiento de los resultados.\u00a0<\/span><\/li><li style=\"font-weight: 400;\" aria-level=\"2\"><span style=\"font-weight: 400;\">Elaborar materiales para los actos, incluidos folletos promocionales, \u00f3rdenes del d\u00eda y recursos de seguimiento.\u00a0<\/span><\/li><li style=\"font-weight: 400;\" aria-level=\"2\"><span style=\"font-weight: 400;\">Gestionar la log\u00edstica del acto, como la programaci\u00f3n, la coordinaci\u00f3n del lugar de celebraci\u00f3n y la difusi\u00f3n entre los participantes.\u00a0<\/span><\/li><li style=\"font-weight: 400;\" aria-level=\"2\"><span style=\"font-weight: 400;\">S<\/span><span style=\"font-weight: 400;\">Apoyar la organizaci\u00f3n del acto, incluidos los preparativos, el apoyo t\u00e9cnico y la participaci\u00f3n del p\u00fablico.\u00a0<\/span><\/li><li style=\"font-weight: 400;\" aria-level=\"2\"><span style=\"font-weight: 400;\">Apoyar los proyectos especiales que surjan <\/span><\/li><\/ul><\/li><\/ul><p>\u00a0<\/p><p><span style=\"font-weight: 400;\">El becario tambi\u00e9n podr\u00e1 proponer un proyecto individual relacionado con la misi\u00f3n de AsylumWorks y el Programa E&amp;E para ejecutarlo en funci\u00f3n de sus intereses acad\u00e9micos y profesionales. <\/span><\/p><p><b>REQUISITOS<\/b><b>\u00a0<\/b><\/p><ul><li style=\"font-weight: 400;\" aria-level=\"1\"><span style=\"font-weight: 400;\">Estudiante universitario o de posgrado con experiencia o estudios en ciencias sociales, educaci\u00f3n, comunicaci\u00f3n, empresariales o campos afines;\u00a0<\/span><\/li><li style=\"font-weight: 400;\" aria-level=\"1\"><span style=\"font-weight: 400;\">Compromiso demostrado con la misi\u00f3n, la visi\u00f3n y los valores de AsylumWorks;\u00a0<\/span><\/li><li style=\"font-weight: 400;\" aria-level=\"1\"><span style=\"font-weight: 400;\">Disponibilidad para prestar apoyo administrativo pr\u00e1ctico;<\/span><\/li><li style=\"font-weight: 400;\" aria-level=\"1\"><span style=\"font-weight: 400;\">Gran capacidad de organizaci\u00f3n y gesti\u00f3n del tiempo;\u00a0<\/span><\/li><li style=\"font-weight: 400;\" aria-level=\"1\"><span style=\"font-weight: 400;\">Alto nivel de iniciativa, ingenio y minuciosidad;<\/span><\/li><li style=\"font-weight: 400;\" aria-level=\"1\"><span style=\"font-weight: 400;\">Capacidad para trabajar de forma independiente y en equipo;\u00a0<\/span><\/li><li style=\"font-weight: 400;\" aria-level=\"1\"><span style=\"font-weight: 400;\">Conciencia demostrada de humildad cultural; <\/span><i><span style=\"font-weight: 400;\">y\u00a0<\/span><\/i><\/li><li style=\"font-weight: 400;\" aria-level=\"1\"><span style=\"font-weight: 400;\">Un deseo inherente de mejorar, crear y resolver problemas. <\/span><\/li><\/ul><p>\u00a0<\/p><p><b>PROGRAMA\u00a0<\/b><\/p><p><span style=\"font-weight: 400;\">Se trata de unas pr\u00e1cticas a distancia. Buscamos un candidato que pueda ser voluntario<\/span><\/p><p><span style=\"font-weight: 400;\">como becario durante aproximadamente 40 horas semanales desde el 1 de junio de 2026 hasta el 7 de agosto de 2026. Puede existir la opci\u00f3n de ampliar las pr\u00e1cticas durante el verano. <\/span><\/p><p><b>C\u00d3MO PRESENTAR LA SOLICITUD\u00a0<\/b><\/p><p><span style=\"font-weight: 400;\">Los candidatos deben enviar un curr\u00edculum v\u00edtae y una carta de presentaci\u00f3n a\u00a0<\/span><i><span style=\"font-weight: 400;\">careers@asylumworks.org <\/span><\/i><span style=\"font-weight: 400;\">con el asunto: <\/span><b>Pr\u00e1cticas de Empleo y Educaci\u00f3n Verano 2026<\/b><span style=\"font-weight: 400;\">. En su carta de presentaci\u00f3n, incluya su disponibilidad horaria semanal de lunes a viernes durante la duraci\u00f3n de las pr\u00e1cticas. <\/span><span style=\"font-weight: 400;\">Combine el curr\u00edculum y la carta de presentaci\u00f3n en un solo PDF.<\/span><span style=\"font-weight: 400;\"> Las solicitudes completas se examinar\u00e1n de forma continua. <\/span><\/p>\t\t\t\t\t\t\t\t<\/div>\n\t\t\t\t<\/div>\n\t\t\t\t\t<\/div>\n\t\t\t\t<\/div>\n\t\t\t\t<\/div>","protected":false},"excerpt":{"rendered":"<p>\u00a0 Employment &amp; Education Program Internship, Summer 2026 ABOUT US\u00a0 AsylumWorks was founded in 2016 to address the holistic needs of individuals and families navigating the U.S. immigration system. Our mission is to empower newcomers seeking safety to overcome health, employment, and legal challenges. Our interdisciplinary approach combines Health &amp; Wellness, Employment &amp; Education, and [&hellip;]<\/p>\n","protected":false},"author":3,"featured_media":0,"parent":0,"menu_order":0,"comment_status":"closed","ping_status":"closed","template":"","meta":{"footnotes":""},"class_list":["post-122728","page","type-page","status-publish","hentry"],"_links":{"self":[{"href":"https:\/\/asylumworks.org\/es\/wp-json\/wp\/v2\/pages\/122728","targetHints":{"allow":["GET"]}}],"collection":[{"href":"https:\/\/asylumworks.org\/es\/wp-json\/wp\/v2\/pages"}],"about":[{"href":"https:\/\/asylumworks.org\/es\/wp-json\/wp\/v2\/types\/page"}],"author":[{"embeddable":true,"href":"https:\/\/asylumworks.org\/es\/wp-json\/wp\/v2\/users\/3"}],"replies":[{"embeddable":true,"href":"https:\/\/asylumworks.org\/es\/wp-json\/wp\/v2\/comments?post=122728"}],"version-history":[{"count":0,"href":"https:\/\/asylumworks.org\/es\/wp-json\/wp\/v2\/pages\/122728\/revisions"}],"wp:attachment":[{"href":"https:\/\/asylumworks.org\/es\/wp-json\/wp\/v2\/media?parent=122728"}],"curies":[{"name":"wp","href":"https:\/\/api.w.org\/{rel}","templated":true}]}}